{"id":917,"date":"2021-12-31T10:58:43","date_gmt":"2021-12-31T09:58:43","guid":{"rendered":"http:\/\/www.alessandroceramiche.it\/?page_id=917"},"modified":"2021-12-31T14:28:45","modified_gmt":"2021-12-31T13:28:45","slug":"brandoni","status":"publish","type":"page","link":"http:\/\/www.alessandroceramiche.it\/?page_id=917","title":{"rendered":"Brandoni"},"content":{"rendered":"<p style=\"text-align: justify;\">Il Made in Italy \u00e8 un patrimonio dal valore inestimabile che Brandoni sostiene e promuove attraverso le proprie competenze e la creativit\u00e0.<br \/>\nI prodotti nascono dalle intuizioni e dalla sensibilit\u00e0 di designer talentuosi di fama internazionale che incontrano l\u2019esperienza di ingegneri e tecnici, l\u2019abilit\u00e0 dei saldatori, quella dei verniciatori.<br \/>\nI risultati sono sotto gli occhi di tutti e fanno bella mostra nelle case di migliaia di clienti sparsi per il mondo, nei loro uffici e negli alberghi che li hanno scelti per riscaldare gli ambienti con un calore che prima di essere percepito sulla pelle, va apprezzato con gli occhi.<br \/>\nngg_shortcode_0_placeholder<\/p>\n","protected":false},"excerpt":{"rendered":"<p>Il Made in Italy \u00e8 un patrimonio dal valore inestimabile che Brandoni sostiene e promuove attraverso le proprie competenze e la creativit\u00e0. I prodotti nascono dalle intuizioni e dalla sensibilit\u00e0 di designer talentuosi di fama internazionale che incontrano l\u2019esperienza di ingegneri e tecnici, l\u2019abilit\u00e0 dei &hellip; <\/p>\n","protected":false},"author":1,"featured_media":0,"parent":0,"menu_order":0,"comment_status":"closed","ping_status":"closed","template":"","meta":{"ngg_post_thumbnail":0,"footnotes":""},"class_list":["post-917","page","type-page","status-publish","hentry"],"_links":{"self":[{"href":"http:\/\/www.alessandroceramiche.it\/index.php?rest_route=\/wp\/v2\/pages\/917","targetHints":{"allow":["GET"]}}],"collection":[{"href":"http:\/\/www.alessandroceramiche.it\/index.php?rest_route=\/wp\/v2\/pages"}],"about":[{"href":"http:\/\/www.alessandroceramiche.it\/index.php?rest_route=\/wp\/v2\/types\/page"}],"author":[{"embeddable":true,"href":"http:\/\/www.alessandroceramiche.it\/index.php?rest_route=\/wp\/v2\/users\/1"}],"replies":[{"embeddable":true,"href":"http:\/\/www.alessandroceramiche.it\/index.php?rest_route=%2Fwp%2Fv2%2Fcomments&post=917"}],"version-history":[{"count":3,"href":"http:\/\/www.alessandroceramiche.it\/index.php?rest_route=\/wp\/v2\/pages\/917\/revisions"}],"predecessor-version":[{"id":980,"href":"http:\/\/www.alessandroceramiche.it\/index.php?rest_route=\/wp\/v2\/pages\/917\/revisions\/980"}],"wp:attachment":[{"href":"http:\/\/www.alessandroceramiche.it\/index.php?rest_route=%2Fwp%2Fv2%2Fmedia&parent=917"}],"curies":[{"name":"wp","href":"https:\/\/api.w.org\/{rel}","templated":true}]}}