{"id":830,"date":"2021-12-30T18:21:45","date_gmt":"2021-12-30T17:21:45","guid":{"rendered":"http:\/\/www.alessandroceramiche.it\/?page_id=830"},"modified":"2021-12-31T14:27:48","modified_gmt":"2021-12-31T13:27:48","slug":"scarabeo","status":"publish","type":"page","link":"http:\/\/www.alessandroceramiche.it\/?page_id=830","title":{"rendered":"Scarabeo"},"content":{"rendered":"<p style=\"text-align: justify;\">Il lavabo <em>&#8220;elegante, funzionale, disponibile in tanti modelli diversi&#8221;<\/em> entra nel bagno da vero protagonista, Scarabeo lo sostiene da 1974.<br \/>\nL&#8217;impegno e la seriet\u00e0 dimostrati, unitamente all&#8217;elevata qualit\u00e0 dei suoi prodotti, consentono all&#8217;azienda di affermarsi in breve tempo sui mercati Nazionali ed esteri e di stringere proficui rapporti di collaborazione con le pi\u00f9 importanti aziende mondiali produttrici di sanitari.<br \/>\nAltri punti di forza che da sempre caratterizzano questa azienda sono la continua ricerca di novit\u00e0 e la capacit\u00e0 di sapersi costantemente evolvere in accordo con le diverse esigenze manifestate dal mercato. Proprio da questa continua evoluzione nasce l\u2019idea di presentare da alcuni anni a questa parte nuove linee di lavabi d\u2019arredamento che, attualmente, vanno a comporre una gamma molto ampia e sempre in crescita.<br \/>\nLa filosofia di Scarabeo \u00e8 quella di rendere il lavabo protagonista del bagno, impegnandosi al massimo nello studio di nuove linee e modelli, ideati per soddisfare un mercato sempre pi\u00f9 esigente, e di puntare sulla qualit\u00e0 e unicit\u00e0 dei prodotti piuttosto che sulle grandi quantit\u00e0.<br \/>\nngg_shortcode_0_placeholder<\/p>\n","protected":false},"excerpt":{"rendered":"<p>Il lavabo &#8220;elegante, funzionale, disponibile in tanti modelli diversi&#8221; entra nel bagno da vero protagonista, Scarabeo lo sostiene da 1974. L&#8217;impegno e la seriet\u00e0 dimostrati, unitamente all&#8217;elevata qualit\u00e0 dei suoi prodotti, consentono all&#8217;azienda di affermarsi in breve tempo sui mercati Nazionali ed esteri e di &hellip; <\/p>\n","protected":false},"author":1,"featured_media":0,"parent":0,"menu_order":0,"comment_status":"closed","ping_status":"closed","template":"","meta":{"ngg_post_thumbnail":0,"footnotes":""},"class_list":["post-830","page","type-page","status-publish","hentry"],"_links":{"self":[{"href":"http:\/\/www.alessandroceramiche.it\/index.php?rest_route=\/wp\/v2\/pages\/830","targetHints":{"allow":["GET"]}}],"collection":[{"href":"http:\/\/www.alessandroceramiche.it\/index.php?rest_route=\/wp\/v2\/pages"}],"about":[{"href":"http:\/\/www.alessandroceramiche.it\/index.php?rest_route=\/wp\/v2\/types\/page"}],"author":[{"embeddable":true,"href":"http:\/\/www.alessandroceramiche.it\/index.php?rest_route=\/wp\/v2\/users\/1"}],"replies":[{"embeddable":true,"href":"http:\/\/www.alessandroceramiche.it\/index.php?rest_route=%2Fwp%2Fv2%2Fcomments&post=830"}],"version-history":[{"count":3,"href":"http:\/\/www.alessandroceramiche.it\/index.php?rest_route=\/wp\/v2\/pages\/830\/revisions"}],"predecessor-version":[{"id":979,"href":"http:\/\/www.alessandroceramiche.it\/index.php?rest_route=\/wp\/v2\/pages\/830\/revisions\/979"}],"wp:attachment":[{"href":"http:\/\/www.alessandroceramiche.it\/index.php?rest_route=%2Fwp%2Fv2%2Fmedia&parent=830"}],"curies":[{"name":"wp","href":"https:\/\/api.w.org\/{rel}","templated":true}]}}