{"id":814,"date":"2021-12-30T18:15:22","date_gmt":"2021-12-30T17:15:22","guid":{"rendered":"http:\/\/www.alessandroceramiche.it\/?page_id=814"},"modified":"2021-12-30T18:16:49","modified_gmt":"2021-12-30T17:16:49","slug":"euroforest","status":"publish","type":"page","link":"http:\/\/www.alessandroceramiche.it\/?page_id=814","title":{"rendered":"Euroforest"},"content":{"rendered":"<p>La passione per il legno ha caratterizzato la crescita di Euroforest, fin dall&#8217;iniziale specializzazione nelle lavorazioni di base sulle<br \/>\ntavole di legno grezzo. Dalle prime lavorazioni sulla materia legnosa, ci siamo poi specializzati nella produzione e distribuzione di un<br \/>\nmanufatto pi\u00f9 sofisticato, ma comunque basato sul legno, il parquet. E in particolare, il parquet stratificato di grande dimensione.<br \/>\nOggi grazie anche alla collaborazione con eccellenze artigiane, che solo la Toscana sa offrire, \u00e8 in grado di proporre un tavolato<br \/>\nche coniuga la precisione e l\u2019affidabilit\u00e0 dei processi industriali tecnologicamente pi\u00f9 avanzati con la creativit\u00e0 e l\u2019originalit\u00e0 della maestria artigiana.<br \/>\nA fianco del manufatto italiano, Euroforest importa con esclusiva per il mercato italiano un parquet stratificato di elevata affidabilit\u00e0 e alta competitivit\u00e0.<br \/>\nCostruisci con noi il tuo parquet. Abbiamo la soluzione che cerchi.<br \/>\nngg_shortcode_0_placeholder<\/p>\n","protected":false},"excerpt":{"rendered":"<p>La passione per il legno ha caratterizzato la crescita di Euroforest, fin dall&#8217;iniziale specializzazione nelle lavorazioni di base sulle tavole di legno grezzo. Dalle prime lavorazioni sulla materia legnosa, ci siamo poi specializzati nella produzione e distribuzione di un manufatto pi\u00f9 sofisticato, ma comunque basato &hellip; <\/p>\n","protected":false},"author":1,"featured_media":0,"parent":0,"menu_order":0,"comment_status":"closed","ping_status":"closed","template":"","meta":{"ngg_post_thumbnail":0,"footnotes":""},"class_list":["post-814","page","type-page","status-publish","hentry"],"_links":{"self":[{"href":"http:\/\/www.alessandroceramiche.it\/index.php?rest_route=\/wp\/v2\/pages\/814","targetHints":{"allow":["GET"]}}],"collection":[{"href":"http:\/\/www.alessandroceramiche.it\/index.php?rest_route=\/wp\/v2\/pages"}],"about":[{"href":"http:\/\/www.alessandroceramiche.it\/index.php?rest_route=\/wp\/v2\/types\/page"}],"author":[{"embeddable":true,"href":"http:\/\/www.alessandroceramiche.it\/index.php?rest_route=\/wp\/v2\/users\/1"}],"replies":[{"embeddable":true,"href":"http:\/\/www.alessandroceramiche.it\/index.php?rest_route=%2Fwp%2Fv2%2Fcomments&post=814"}],"version-history":[{"count":1,"href":"http:\/\/www.alessandroceramiche.it\/index.php?rest_route=\/wp\/v2\/pages\/814\/revisions"}],"predecessor-version":[{"id":816,"href":"http:\/\/www.alessandroceramiche.it\/index.php?rest_route=\/wp\/v2\/pages\/814\/revisions\/816"}],"wp:attachment":[{"href":"http:\/\/www.alessandroceramiche.it\/index.php?rest_route=%2Fwp%2Fv2%2Fmedia&parent=814"}],"curies":[{"name":"wp","href":"https:\/\/api.w.org\/{rel}","templated":true}]}}