{"id":710,"date":"2021-12-30T16:53:06","date_gmt":"2021-12-30T15:53:06","guid":{"rendered":"http:\/\/www.alessandroceramiche.it\/?page_id=710"},"modified":"2021-12-30T17:37:09","modified_gmt":"2021-12-30T16:37:09","slug":"unibagno-italia","status":"publish","type":"page","link":"http:\/\/www.alessandroceramiche.it\/?page_id=710","title":{"rendered":"Unibagno Italia"},"content":{"rendered":"<p>Obiettivo di Unibagno Italia \u00e8 quello di realizzare una linea di prodotti che abbia l\u2019estetica ed il pregio dei materiali impiegati quale componente principale.<br \/>\nQuesto al fine di dare un connotato preciso ai prodotti per la costruzione di un brand da poter esportare all\u2019estero in rappresentanza del Made in Italy.<br \/>\nAdattabilit\u00e0, cio\u00e8 la possibilit\u00e0 di acquistare un prodotto concepito per essere adattato dimensionalmente in varie tipologie di bagni e per varie esigenze, e su misura, cio\u00e8 la possibilit\u00e0 di realizzare un box doccia in base a specifiche richieste.<br \/>\nQueste due condizioni sono il segreto del nostro successo.<br \/>\nngg_shortcode_0_placeholder<\/p>\n","protected":false},"excerpt":{"rendered":"<p>Obiettivo di Unibagno Italia \u00e8 quello di realizzare una linea di prodotti che abbia l\u2019estetica ed il pregio dei materiali impiegati quale componente principale. Questo al fine di dare un connotato preciso ai prodotti per la costruzione di un brand da poter esportare all\u2019estero in &hellip; <\/p>\n","protected":false},"author":1,"featured_media":0,"parent":0,"menu_order":0,"comment_status":"closed","ping_status":"closed","template":"","meta":{"ngg_post_thumbnail":0,"footnotes":""},"class_list":["post-710","page","type-page","status-publish","hentry"],"_links":{"self":[{"href":"http:\/\/www.alessandroceramiche.it\/index.php?rest_route=\/wp\/v2\/pages\/710","targetHints":{"allow":["GET"]}}],"collection":[{"href":"http:\/\/www.alessandroceramiche.it\/index.php?rest_route=\/wp\/v2\/pages"}],"about":[{"href":"http:\/\/www.alessandroceramiche.it\/index.php?rest_route=\/wp\/v2\/types\/page"}],"author":[{"embeddable":true,"href":"http:\/\/www.alessandroceramiche.it\/index.php?rest_route=\/wp\/v2\/users\/1"}],"replies":[{"embeddable":true,"href":"http:\/\/www.alessandroceramiche.it\/index.php?rest_route=%2Fwp%2Fv2%2Fcomments&post=710"}],"version-history":[{"count":2,"href":"http:\/\/www.alessandroceramiche.it\/index.php?rest_route=\/wp\/v2\/pages\/710\/revisions"}],"predecessor-version":[{"id":714,"href":"http:\/\/www.alessandroceramiche.it\/index.php?rest_route=\/wp\/v2\/pages\/710\/revisions\/714"}],"wp:attachment":[{"href":"http:\/\/www.alessandroceramiche.it\/index.php?rest_route=%2Fwp%2Fv2%2Fmedia&parent=710"}],"curies":[{"name":"wp","href":"https:\/\/api.w.org\/{rel}","templated":true}]}}