{"id":604,"date":"2021-12-24T12:25:37","date_gmt":"2021-12-24T11:25:37","guid":{"rendered":"http:\/\/www.alessandroceramiche.it\/?page_id=604"},"modified":"2021-12-31T16:13:07","modified_gmt":"2021-12-31T15:13:07","slug":"privacy-policy","status":"publish","type":"page","link":"http:\/\/www.alessandroceramiche.it\/?page_id=604","title":{"rendered":"Privacy policy"},"content":{"rendered":"\r\n<p><strong>Privacy policy &amp; Cookies policy<\/strong><\/p>\r\n<p>In base a quanto disposto dal Regolamento Ue 2016\/679:<\/p>\r\n<p>Il trattamento dei dati personali \u00e8 finalizzato unicamente all&#8217;utilizzo dei servizi offerti ed \u00e8 strettamente connesso allo svolgimento delle attivit\u00e0 istituzionali.<\/p>\r\n<p>Secondo la normativa indicata, tale trattamento sar\u00e0 improntato ai principi di correttezza, liceit\u00e0, trasparenza e di tutela della riservatezza;<\/p>\r\n<p>Il trattamento dei dati sar\u00e0 effettuato attraverso strumenti informatici e telematici, con modalit\u00e0 di organizzazione ed elaborazione di dati, correlate alle finalit\u00e0 sopra indicate e, comunque, in modo da garantirne la riservatezza e l&#8217;integrit\u00e0; speciali misure di sicurezza sono osservate per prevenire la perdita dei dati, usi illeciti o non corretti ed accessi non autorizzati.<\/p>\r\n<p>I dati stessi non saranno comunicati a terzi, n\u00e9 saranno oggetto di diffusione;<\/p>\r\n<p>I collegamenti a siti esterni sono forniti come semplice servizio agli utenti, con esclusione di ogni responsabilit\u00e0 rispetto alla completezza e alla correttezza delle informazioni fornite nei siti stessi. Il Titolare e il gestore del sito non ha infatti alcun potere di controllo sui contenuti o sul loro utilizzo e sulla qualit\u00e0 e completezza delle informazioni di siti esterni le cui responsabilit\u00e0 ricadono direttamente sui relativi titolari e\/o responsabili.<\/p>\r\n<p>Diritti degli interessati<\/p>\r\n<p>Gli interessati hanno il diritto di ottenere dal Garante, se del caso, l&#8217;accesso ai propri dati personali nonch\u00e9 la rettifica o cancellazione di tali dati o la limitazione del loro trattamento e di opporsi al loro trattamento (ai sensi degli articoli da 15 a 22 del regolamento), oppure di avviare un procedimento giudiziario contro il Garante ai sensi dell&#8217;articolo 79 del regolamento.<\/p>\r\n<p>Se una persona interessata ritiene che il trattamento di dati personali che lo riguardano come eseguito attraverso questo sito web viola il regolamento, ha il diritto di presentare un reclamo presso il Garante ai sensi dell&#8217;articolo 77 del regolamento, o di portare un procedimento giudiziario contro il Garante ai sensi dell&#8217;articolo 79 del regolamento.<\/p>\r\n<p><strong>Informativa sui Cookies<\/strong><\/p>\r\n<p>Un \u201ccookie\u201d \u00e8 un piccolo file di testo creato da alcuni siti web sul computer dell\u2019utente al momento in cui questo accede ad un determinato sito, con lo scopo di immagazzinare e trasportare informazioni. I cookies sono inviati da un server web (che \u00e8 il computer sul quale \u00e8 in esecuzione il sito web visitato) al browser dell\u2019utente (Internet Explorer, Mozilla Firefox, Google Chrome, ecc.) e memorizzati sul computer di quest\u2019ultimo; vengono, quindi, re-inviati al sito web al momento delle visite successive.<\/p>\r\n<p>Alcune operazioni non potrebbero essere compiute senza l\u2019uso dei cookie, che, in alcuni casi, sono quindi tecnicamente necessari. In altri casi il sito visualizzato utilizza cookie per facilitare e agevolare la navigazione da parte dell\u2019utente o per consentire a questi di usufruire di servizi specificamente richiesti.<\/p>\r\n<p>I cookies possono rimanere nel sistema anche per lunghi periodi e possono contenere anche un codice identificativo unico. Ci\u00f2 consente ai siti che li utilizzano di tenere traccia della navigazione dell\u2019utente all\u2019interno del sito stesso, per finalit\u00e0 statistiche o pubblicitarie, per creare cio\u00e8 un profilo personalizzato dell\u2019utente a partire dalle pagine che lo stesso ha visitato e mostrargli e\/o inviargli quindi pubblicit\u00e0 mirate (c.d. Behavioural Advertising).<\/p>\r\n<p>Cookies utilizzati in questo sito web<\/p>\r\n<p>Questo sito Web utilizza esclusivamente cookies di sessione strettamente necessari per consentire specifiche funzioni richieste che garantiscono la normale navigazione e l&#8217;uso del sito Web e vengono cancellati automaticamente alla fine di ogni navigazione.<\/p>\r\n<p>Informazioni di contatto<\/p>\r\n<p>Titolare del trattamento: Alessandro Chicca Viale Giacomo Matteotti N\u00b0 40 56028 San Miniato (PI) (Italia)<\/p>\r\n<p>Responsabile del trattamento: info@alessandroceramiche.it<\/p>\r\n<p>Il punto di contatto per eventuali richieste dell\u2019Interessato \u00e8 Alessandro Chicca info@alessandroceramiche.it<\/p>\r\n","protected":false},"excerpt":{"rendered":"<p>Privacy policy &amp; Cookies policy In base a quanto disposto dal Regolamento Ue 2016\/679: Il trattamento dei dati personali \u00e8 finalizzato unicamente all&#8217;utilizzo dei servizi offerti ed \u00e8 strettamente connesso allo svolgimento delle attivit\u00e0 istituzionali. Secondo la normativa indicata, tale trattamento sar\u00e0 improntato ai principi &hellip; <\/p>\n","protected":false},"author":1,"featured_media":0,"parent":0,"menu_order":0,"comment_status":"closed","ping_status":"closed","template":"","meta":{"ngg_post_thumbnail":0,"footnotes":""},"class_list":["post-604","page","type-page","status-publish","hentry"],"_links":{"self":[{"href":"http:\/\/www.alessandroceramiche.it\/index.php?rest_route=\/wp\/v2\/pages\/604","targetHints":{"allow":["GET"]}}],"collection":[{"href":"http:\/\/www.alessandroceramiche.it\/index.php?rest_route=\/wp\/v2\/pages"}],"about":[{"href":"http:\/\/www.alessandroceramiche.it\/index.php?rest_route=\/wp\/v2\/types\/page"}],"author":[{"embeddable":true,"href":"http:\/\/www.alessandroceramiche.it\/index.php?rest_route=\/wp\/v2\/users\/1"}],"replies":[{"embeddable":true,"href":"http:\/\/www.alessandroceramiche.it\/index.php?rest_route=%2Fwp%2Fv2%2Fcomments&post=604"}],"version-history":[{"count":4,"href":"http:\/\/www.alessandroceramiche.it\/index.php?rest_route=\/wp\/v2\/pages\/604\/revisions"}],"predecessor-version":[{"id":1016,"href":"http:\/\/www.alessandroceramiche.it\/index.php?rest_route=\/wp\/v2\/pages\/604\/revisions\/1016"}],"wp:attachment":[{"href":"http:\/\/www.alessandroceramiche.it\/index.php?rest_route=%2Fwp%2Fv2%2Fmedia&parent=604"}],"curies":[{"name":"wp","href":"https:\/\/api.w.org\/{rel}","templated":true}]}}