{"id":1001,"date":"2021-12-31T16:02:35","date_gmt":"2021-12-31T15:02:35","guid":{"rendered":"http:\/\/www.alessandroceramiche.it\/?page_id=1001"},"modified":"2021-12-31T16:03:11","modified_gmt":"2021-12-31T15:03:11","slug":"kaldewei","status":"publish","type":"page","link":"http:\/\/www.alessandroceramiche.it\/?page_id=1001","title":{"rendered":"Kaldewei"},"content":{"rendered":"<p>Piatti doccia, vasche da bagno o lavabi: l\u2019acciaio smaltato \u00e8 il nostro materiale e la nostra passione \u00e8 ci\u00f2 che ci muove: massima precisione, design senza tempo ed innovazione tecnologica. Scoprite l\u2019accordo perfetto per il vostro bagno. Nella nostra vasta scelta di colori, forme e dimensioni \u00e8 garantito che troverete il prodotto giusto per il bagno dei vostri sogni.<br \/>\nngg_shortcode_0_placeholder<\/p>\n","protected":false},"excerpt":{"rendered":"<p>Piatti doccia, vasche da bagno o lavabi: l\u2019acciaio smaltato \u00e8 il nostro materiale e la nostra passione \u00e8 ci\u00f2 che ci muove: massima precisione, design senza tempo ed innovazione tecnologica. Scoprite l\u2019accordo perfetto per il vostro bagno. Nella nostra vasta scelta di colori, forme e &hellip; <\/p>\n","protected":false},"author":1,"featured_media":0,"parent":0,"menu_order":0,"comment_status":"closed","ping_status":"closed","template":"","meta":{"ngg_post_thumbnail":0,"footnotes":""},"class_list":["post-1001","page","type-page","status-publish","hentry"],"_links":{"self":[{"href":"http:\/\/www.alessandroceramiche.it\/index.php?rest_route=\/wp\/v2\/pages\/1001","targetHints":{"allow":["GET"]}}],"collection":[{"href":"http:\/\/www.alessandroceramiche.it\/index.php?rest_route=\/wp\/v2\/pages"}],"about":[{"href":"http:\/\/www.alessandroceramiche.it\/index.php?rest_route=\/wp\/v2\/types\/page"}],"author":[{"embeddable":true,"href":"http:\/\/www.alessandroceramiche.it\/index.php?rest_route=\/wp\/v2\/users\/1"}],"replies":[{"embeddable":true,"href":"http:\/\/www.alessandroceramiche.it\/index.php?rest_route=%2Fwp%2Fv2%2Fcomments&post=1001"}],"version-history":[{"count":1,"href":"http:\/\/www.alessandroceramiche.it\/index.php?rest_route=\/wp\/v2\/pages\/1001\/revisions"}],"predecessor-version":[{"id":1002,"href":"http:\/\/www.alessandroceramiche.it\/index.php?rest_route=\/wp\/v2\/pages\/1001\/revisions\/1002"}],"wp:attachment":[{"href":"http:\/\/www.alessandroceramiche.it\/index.php?rest_route=%2Fwp%2Fv2%2Fmedia&parent=1001"}],"curies":[{"name":"wp","href":"https:\/\/api.w.org\/{rel}","templated":true}]}}